{"id":6,"date":"2022-06-16T11:55:23","date_gmt":"2022-06-16T11:55:23","guid":{"rendered":"http:\/\/lesdagoniots.fr\/?page_id=6"},"modified":"2025-12-13T09:01:23","modified_gmt":"2025-12-13T09:01:23","slug":"home","status":"publish","type":"page","link":"https:\/\/lesdagoniots.fr\/","title":{"rendered":"Accueil"},"content":{"rendered":"\t\t<div data-elementor-type=\"wp-post\" data-elementor-id=\"6\" class=\"elementor elementor-6\">\n\t\t\t\t\t\t\t\t\t<section class=\"elementor-section elementor-top-section elementor-element elementor-element-10ad023 elementor-section-boxed elementor-section-height-default elementor-section-height-default\" data-id=\"10ad023\" data-element_type=\"section\" data-settings=\"{&quot;jet_parallax_layout_list&quot;:[],&quot;background_background&quot;:&quot;video&quot;,&quot;background_video_link&quot;:&quot;http:\\\/\\\/lesdagoniots.fr\\\/wp-content\\\/uploads\\\/2022\\\/06\\\/Blue-Sky-Video.mp4&quot;,&quot;background_play_on_mobile&quot;:&quot;yes&quot;}\">\n\t\t\t\t\t\t\t\t<div class=\"elementor-background-video-container\">\n\t\t\t\t\t\t\t\t\t\t\t\t\t<video class=\"elementor-background-video-hosted elementor-html5-video\" autoplay muted playsinline loop><\/video>\n\t\t\t\t\t\t\t\t\t\t\t<\/div>\n\t\t\t\t\t\t\t\t<div class=\"elementor-container elementor-column-gap-default\">\n\t\t\t\t\t<div class=\"elementor-column elementor-col-100 elementor-top-column elementor-element elementor-element-62f978f\" data-id=\"62f978f\" data-element_type=\"column\">\n\t\t\t<div class=\"elementor-widget-wrap elementor-element-populated\">\n\t\t\t\t\t\t\t\t<div class=\"elementor-element elementor-element-b0327e5 elementor-widget elementor-widget-spacer\" data-id=\"b0327e5\" data-element_type=\"widget\" data-widget_type=\"spacer.default\">\n\t\t\t\t<div class=\"elementor-widget-container\">\n\t\t\t<style>\/*! elementor - v3.13.1 - 09-05-2023 *\/\n.elementor-column .elementor-spacer-inner{height:var(--spacer-size)}.e-con{--container-widget-width:100%}.e-con-inner>.elementor-widget-spacer,.e-con>.elementor-widget-spacer{width:var(--container-widget-width,var(--spacer-size));--align-self:var(--container-widget-align-self,initial);--flex-shrink:0}.e-con-inner>.elementor-widget-spacer>.elementor-widget-container,.e-con-inner>.elementor-widget-spacer>.elementor-widget-container>.elementor-spacer,.e-con>.elementor-widget-spacer>.elementor-widget-container,.e-con>.elementor-widget-spacer>.elementor-widget-container>.elementor-spacer{height:100%}.e-con-inner>.elementor-widget-spacer>.elementor-widget-container>.elementor-spacer>.elementor-spacer-inner,.e-con>.elementor-widget-spacer>.elementor-widget-container>.elementor-spacer>.elementor-spacer-inner{height:var(--container-widget-height,var(--spacer-size))}<\/style>\t\t<div class=\"elementor-spacer\">\n\t\t\t<div class=\"elementor-spacer-inner\"><\/div>\n\t\t<\/div>\n\t\t\t\t<\/div>\n\t\t\t\t<\/div>\n\t\t\t\t<div class=\"elementor-element elementor-element-f52a3de elementor-widget__width-inherit elementor-hidden-tablet elementor-hidden-mobile elementor-invisible elementor-widget elementor-widget-theme-site-logo elementor-widget-image\" data-id=\"f52a3de\" data-element_type=\"widget\" data-settings=\"{&quot;_animation&quot;:&quot;fadeInRight&quot;}\" data-widget_type=\"theme-site-logo.default\">\n\t\t\t\t<div class=\"elementor-widget-container\">\n\t\t\t<style>\/*! elementor - v3.13.1 - 09-05-2023 *\/\n.elementor-widget-image{text-align:center}.elementor-widget-image a{display:inline-block}.elementor-widget-image a img[src$=\".svg\"]{width:48px}.elementor-widget-image img{vertical-align:middle;display:inline-block}<\/style>\t\t\t\t\t\t\t\t\t\t\t\t\t<a href=\"https:\/\/lesdagoniots.fr\">\n\t\t\t\t\t\t\t<img loading=\"lazy\" decoding=\"async\" width=\"2864\" height=\"734\" src=\"https:\/\/lesdagoniots.fr\/wp-content\/uploads\/2022\/06\/logo_tortue2.png\" class=\"attachment-full size-full wp-image-1956\" alt=\"\" srcset=\"https:\/\/lesdagoniots.fr\/wp-content\/uploads\/2022\/06\/logo_tortue2.png 2864w, https:\/\/lesdagoniots.fr\/wp-content\/uploads\/2022\/06\/logo_tortue2-300x77.png 300w, https:\/\/lesdagoniots.fr\/wp-content\/uploads\/2022\/06\/logo_tortue2-1024x262.png 1024w, https:\/\/lesdagoniots.fr\/wp-content\/uploads\/2022\/06\/logo_tortue2-768x197.png 768w, https:\/\/lesdagoniots.fr\/wp-content\/uploads\/2022\/06\/logo_tortue2-1536x394.png 1536w, https:\/\/lesdagoniots.fr\/wp-content\/uploads\/2022\/06\/logo_tortue2-2048x525.png 2048w\" sizes=\"auto, (max-width: 2864px) 100vw, 2864px\" \/>\t\t\t\t\t\t\t\t<\/a>\n\t\t\t\t\t\t\t\t\t\t\t\t\t\t\t<\/div>\n\t\t\t\t<\/div>\n\t\t\t\t<div class=\"elementor-element elementor-element-4166ec1 elementor-widget elementor-widget-text-editor\" data-id=\"4166ec1\" data-element_type=\"widget\" data-widget_type=\"text-editor.default\">\n\t\t\t\t<div class=\"elementor-widget-container\">\n\t\t\t<style>\/*! elementor - v3.13.1 - 09-05-2023 *\/\n.elementor-widget-text-editor.elementor-drop-cap-view-stacked .elementor-drop-cap{background-color:#69727d;color:#fff}.elementor-widget-text-editor.elementor-drop-cap-view-framed .elementor-drop-cap{color:#69727d;border:3px solid;background-color:transparent}.elementor-widget-text-editor:not(.elementor-drop-cap-view-default) .elementor-drop-cap{margin-top:8px}.elementor-widget-text-editor:not(.elementor-drop-cap-view-default) .elementor-drop-cap-letter{width:1em;height:1em}.elementor-widget-text-editor .elementor-drop-cap{float:left;text-align:center;line-height:1;font-size:50px}.elementor-widget-text-editor .elementor-drop-cap-letter{display:inline-block}<\/style>\t\t\t\t<p>Bienvenue sur le site de la randonn\u00e9e pedestre \u00e0 Coussegrey<\/p>\t\t\t\t\t\t<\/div>\n\t\t\t\t<\/div>\n\t\t\t\t<div class=\"elementor-element elementor-element-9e30688 elementor-widget elementor-widget-text-editor\" data-id=\"9e30688\" data-element_type=\"widget\" data-widget_type=\"text-editor.default\">\n\t\t\t\t<div class=\"elementor-widget-container\">\n\t\t\t\t\t\t\t<p>Les Photos de la Rando 2025 sont \u00e0 regarder dans l&#8217;onglet &#8216;La Rando de D\u00e9cembre&#8217;<\/p>\t\t\t\t\t\t<\/div>\n\t\t\t\t<\/div>\n\t\t\t\t\t<\/div>\n\t\t<\/div>\n\t\t\t\t\t\t\t<\/div>\n\t\t<\/section>\n\t\t\t\t<section class=\"elementor-section elementor-top-section elementor-element elementor-element-4a818a6 elementor-section-full_width elementor-section-height-min-height elementor-section-items-top elementor-section-height-default\" data-id=\"4a818a6\" data-element_type=\"section\" data-settings=\"{&quot;jet_parallax_layout_list&quot;:[],&quot;background_background&quot;:&quot;video&quot;,&quot;background_play_on_mobile&quot;:&quot;yes&quot;}\">\n\t\t\t\t\t\t<div class=\"elementor-container elementor-column-gap-no\">\n\t\t\t\t\t<div class=\"elementor-column elementor-col-100 elementor-top-column elementor-element elementor-element-d41c406\" data-id=\"d41c406\" data-element_type=\"column\">\n\t\t\t<div class=\"elementor-widget-wrap elementor-element-populated\">\n\t\t\t\t\t\t\t\t<div class=\"elementor-element elementor-element-f09e54d elementor-widget elementor-widget-jet-slider\" data-id=\"f09e54d\" data-element_type=\"widget\" data-settings=\"{&quot;slider_height&quot;:{&quot;unit&quot;:&quot;px&quot;,&quot;size&quot;:500,&quot;sizes&quot;:[]},&quot;slider_height_tablet&quot;:{&quot;unit&quot;:&quot;px&quot;,&quot;size&quot;:&quot;&quot;,&quot;sizes&quot;:[]},&quot;slider_height_mobile&quot;:{&quot;unit&quot;:&quot;px&quot;,&quot;size&quot;:&quot;&quot;,&quot;sizes&quot;:[]}}\" data-widget_type=\"jet-slider.default\">\n\t\t\t\t<div class=\"elementor-widget-container\">\n\t\t\t<div class=\"elementor-jet-slider jet-elements\">\n<div class=\"jet-slider jet-slider__image-exact\" data-settings='{\"sliderWidth\":{\"unit\":\"%\",\"size\":100,\"sizes\":[]},\"sliderHeight\":{\"unit\":\"px\",\"size\":500,\"sizes\":[]},\"sliderNavigation\":true,\"sliderNavigationIcon\":\"jet-slider__arrow-icon-f09e54d\",\"sliderNaviOnHover\":true,\"sliderPagination\":true,\"sliderAutoplay\":true,\"sliderAutoplayDelay\":5000,\"sliderAutoplayOnHover\":\"pause\",\"sliderFullScreen\":true,\"sliderFullscreenIcon\":\"jet-slider__fullscreen-icon-f09e54d\",\"sliderShuffle\":false,\"sliderLoop\":true,\"sliderFadeMode\":false,\"slideDistance\":{\"unit\":\"px\",\"size\":10,\"sizes\":[]},\"slideDuration\":500,\"imageScaleMode\":\"exact\",\"thumbnails\":false,\"thumbnailWidth\":120,\"thumbnailHeight\":80,\"rightToLeft\":false,\"touchswipe\":true,\"fractionPag\":false}'>\n\t\n<div class=\"slider-pro\"><div class=\"jet-slider__arrow-icon-f09e54d hidden-html\"><i aria-hidden=\"true\" class=\"fas fa-angle-left\"><\/i><\/div><div class=\"jet-slider__fullscreen-icon-f09e54d hidden-html\"><i aria-hidden=\"true\" class=\"fas fa-arrows-alt\"><\/i><\/div><div class=\"jet-slider__items sp-slides\">\n\n<div  class=\"jet-slider__item sp-slide\"><img decoding=\"async\" class=\"sp-image\" src=\"https:\/\/lesdagoniots.fr\/wp-content\/uploads\/2022\/06\/DSC09955-e1655540136762.jpg\" alt=\"DSC09955\"><div class=\"jet-slider__content sp-layer \" data-position=\"centerCenter\" data-width=\"100%\" data-height=\"100%\" data-horizontal=\"0%\" data-show-transition=\"up\" data-show-duration=\"400\" data-show-delay=\"400\" >\n\t\t<div class=\"jet-slider__content-item\">\n\t\t\t<div class=\"jet-slider__content-inner\"><h5 class=\"jet-slider__title\">Rando Sant\u00e9<\/h5><div class=\"jet-slider__desc\">rendez-vous sur la place de Coussegrey :\n14h00 le lundi et vendredi<\/div>\n\t\t\t\t\t\t<div class=\"jet-slider__button-wrapper\"><a class=\"elementor-button elementor-size-md jet-slider__button jet-slider__button--primary\" href=\"http:\/\/lesdagoniots.fr\/index.php\/la-rando-sante\">plus de d\u00e9tails<\/a>\t\t\t\t\t\t<\/div><\/div>\n\t\t<\/div>\n\t\t\t<\/div>\n<\/div>\n\n<div  class=\"jet-slider__item sp-slide\"><img decoding=\"async\" class=\"sp-image\" src=\"https:\/\/lesdagoniots.fr\/wp-content\/uploads\/2022\/06\/Rando-Vanlay-03-05-2021-12-sur-16-scaled.jpg\" alt=\"Rando Vanlay 03 05 2021 (12 sur 16)\"><div class=\"jet-slider__content sp-layer \" data-position=\"centerCenter\" data-width=\"100%\" data-height=\"100%\" data-horizontal=\"0%\" data-show-transition=\"up\" data-show-duration=\"400\" data-show-delay=\"400\" >\n\t\t<div class=\"jet-slider__content-item\">\n\t\t\t<div class=\"jet-slider__content-inner\"><h5 class=\"jet-slider__title\">Marche Nordique<\/h5><div class=\"jet-slider__desc\">rendez-vous sur la place :\n9h00 le mercredi<\/div>\n\t\t\t\t\t\t<div class=\"jet-slider__button-wrapper\"><a class=\"elementor-button elementor-size-md jet-slider__button jet-slider__button--primary\" href=\"http:\/\/lesdagoniots.fr\/index.php\/la-marche-nordique\">plus de d\u00e9tails<\/a>\t\t\t\t\t\t<\/div><\/div>\n\t\t<\/div>\n\t\t\t<\/div>\n<\/div>\n\n<div  class=\"jet-slider__item sp-slide\"><img decoding=\"async\" class=\"sp-image\" src=\"https:\/\/lesdagoniots.fr\/wp-content\/uploads\/2022\/06\/pause_midi-scaled.jpg\" alt=\"pause_midi\"><div class=\"jet-slider__content sp-layer \" data-position=\"centerCenter\" data-width=\"100%\" data-height=\"100%\" data-horizontal=\"0%\" data-show-transition=\"up\" data-show-duration=\"400\" data-show-delay=\"400\" >\n\t\t<div class=\"jet-slider__content-item\">\n\t\t\t<div class=\"jet-slider__content-inner\"><h5 class=\"jet-slider__title\">La Randonn\u00e9e pedestre de d\u00e9cembre<\/h5><div class=\"jet-slider__desc\">Venez voir ou revoir les photos des \u00e9ditions pr\u00e9c\u00e9dentes dans nos galeries de photos<\/div>\n\t\t\t\t\t\t<div class=\"jet-slider__button-wrapper\"><a class=\"elementor-button elementor-size-md jet-slider__button jet-slider__button--primary\" href=\"http:\/\/lesdagoniots.fr\/index.php\/galeries-photos\/\">visiter la galerie<\/a>\t\t\t\t\t\t<\/div><\/div>\n\t\t<\/div>\n\t\t\t<\/div>\n<\/div>\n\n<\/div>\n<\/div>\n<\/div>\n<\/div>\t\t<\/div>\n\t\t\t\t<\/div>\n\t\t\t\t\t<\/div>\n\t\t<\/div>\n\t\t\t\t\t\t\t<\/div>\n\t\t<\/section>\n\t\t\t\t<section class=\"elementor-section elementor-top-section elementor-element elementor-element-2785e43 elementor-section-boxed elementor-section-height-default elementor-section-height-default\" data-id=\"2785e43\" data-element_type=\"section\" data-settings=\"{&quot;jet_parallax_layout_list&quot;:[]}\">\n\t\t\t\t\t\t<div class=\"elementor-container elementor-column-gap-default\">\n\t\t\t\t\t<div class=\"elementor-column elementor-col-50 elementor-top-column elementor-element elementor-element-7a9330d\" data-id=\"7a9330d\" data-element_type=\"column\">\n\t\t\t<div class=\"elementor-widget-wrap elementor-element-populated\">\n\t\t\t\t\t\t\t\t<div class=\"elementor-element elementor-element-58f9000 elementor-position-left elementor-vertical-align-middle elementor-widget elementor-widget-image-box\" data-id=\"58f9000\" data-element_type=\"widget\" data-widget_type=\"image-box.default\">\n\t\t\t\t<div class=\"elementor-widget-container\">\n\t\t\t<style>\/*! elementor - v3.13.1 - 09-05-2023 *\/\n.elementor-widget-image-box .elementor-image-box-content{width:100%}@media (min-width:768px){.elementor-widget-image-box.elementor-position-left .elementor-image-box-wrapper,.elementor-widget-image-box.elementor-position-right .elementor-image-box-wrapper{display:flex}.elementor-widget-image-box.elementor-position-right .elementor-image-box-wrapper{text-align:right;flex-direction:row-reverse}.elementor-widget-image-box.elementor-position-left .elementor-image-box-wrapper{text-align:left;flex-direction:row}.elementor-widget-image-box.elementor-position-top .elementor-image-box-img{margin:auto}.elementor-widget-image-box.elementor-vertical-align-top .elementor-image-box-wrapper{align-items:flex-start}.elementor-widget-image-box.elementor-vertical-align-middle .elementor-image-box-wrapper{align-items:center}.elementor-widget-image-box.elementor-vertical-align-bottom .elementor-image-box-wrapper{align-items:flex-end}}@media (max-width:767px){.elementor-widget-image-box .elementor-image-box-img{margin-left:auto!important;margin-right:auto!important;margin-bottom:15px}}.elementor-widget-image-box .elementor-image-box-img{display:inline-block}.elementor-widget-image-box .elementor-image-box-title a{color:inherit}.elementor-widget-image-box .elementor-image-box-wrapper{text-align:center}.elementor-widget-image-box .elementor-image-box-description{margin:0}<\/style><div class=\"elementor-image-box-wrapper\"><figure class=\"elementor-image-box-img\"><a href=\"http:\/\/lesdagoniots.fr\/index.php\/la-rando-sante#anchor_photos_rs\" rel=\"nofollow\"><img loading=\"lazy\" decoding=\"async\" width=\"2560\" height=\"1912\" src=\"https:\/\/lesdagoniots.fr\/wp-content\/uploads\/2022\/06\/IMG_3316-scaled.jpg\" class=\"attachment-full size-full wp-image-808\" alt=\"\" srcset=\"https:\/\/lesdagoniots.fr\/wp-content\/uploads\/2022\/06\/IMG_3316-scaled.jpg 2560w, https:\/\/lesdagoniots.fr\/wp-content\/uploads\/2022\/06\/IMG_3316-300x224.jpg 300w, https:\/\/lesdagoniots.fr\/wp-content\/uploads\/2022\/06\/IMG_3316-1024x765.jpg 1024w, https:\/\/lesdagoniots.fr\/wp-content\/uploads\/2022\/06\/IMG_3316-768x574.jpg 768w, https:\/\/lesdagoniots.fr\/wp-content\/uploads\/2022\/06\/IMG_3316-1536x1147.jpg 1536w, https:\/\/lesdagoniots.fr\/wp-content\/uploads\/2022\/06\/IMG_3316-2048x1530.jpg 2048w\" sizes=\"auto, (max-width: 2560px) 100vw, 2560px\" \/><\/a><\/figure><div class=\"elementor-image-box-content\"><h3 class=\"elementor-image-box-title\"><a href=\"http:\/\/lesdagoniots.fr\/index.php\/la-rando-sante#anchor_photos_rs\" rel=\"nofollow\">Rando sant\u00e9 - les derni\u00e8res photos sont l\u00e0 ....<\/a><\/h3><\/div><\/div>\t\t<\/div>\n\t\t\t\t<\/div>\n\t\t\t\t\t<\/div>\n\t\t<\/div>\n\t\t\t\t<div class=\"elementor-column elementor-col-50 elementor-top-column elementor-element elementor-element-7e63f6a\" data-id=\"7e63f6a\" data-element_type=\"column\">\n\t\t\t<div class=\"elementor-widget-wrap elementor-element-populated\">\n\t\t\t\t\t\t\t\t<div class=\"elementor-element elementor-element-febf602 elementor-position-left elementor-vertical-align-middle elementor-widget elementor-widget-image-box\" data-id=\"febf602\" data-element_type=\"widget\" data-widget_type=\"image-box.default\">\n\t\t\t\t<div class=\"elementor-widget-container\">\n\t\t\t<div class=\"elementor-image-box-wrapper\"><figure class=\"elementor-image-box-img\"><a href=\"http:\/\/lesdagoniots.fr\/index.php\/la-marche-nordique#anchor_photos_mn\"><img loading=\"lazy\" decoding=\"async\" width=\"1296\" height=\"968\" src=\"https:\/\/lesdagoniots.fr\/wp-content\/uploads\/2022\/06\/photo-1.jpg\" class=\"attachment-full size-full wp-image-1368\" alt=\"\" srcset=\"https:\/\/lesdagoniots.fr\/wp-content\/uploads\/2022\/06\/photo-1.jpg 1296w, https:\/\/lesdagoniots.fr\/wp-content\/uploads\/2022\/06\/photo-1-300x224.jpg 300w, https:\/\/lesdagoniots.fr\/wp-content\/uploads\/2022\/06\/photo-1-1024x765.jpg 1024w, https:\/\/lesdagoniots.fr\/wp-content\/uploads\/2022\/06\/photo-1-768x574.jpg 768w\" sizes=\"auto, (max-width: 1296px) 100vw, 1296px\" \/><\/a><\/figure><div class=\"elementor-image-box-content\"><h3 class=\"elementor-image-box-title\"><a href=\"http:\/\/lesdagoniots.fr\/index.php\/la-marche-nordique#anchor_photos_mn\">Marche Nordique - les derni\u00e8res photos sont l\u00e0 ....<\/a><\/h3><\/div><\/div>\t\t<\/div>\n\t\t\t\t<\/div>\n\t\t\t\t\t<\/div>\n\t\t<\/div>\n\t\t\t\t\t\t\t<\/div>\n\t\t<\/section>\n\t\t\t\t<section class=\"elementor-section elementor-top-section elementor-element elementor-element-69ac406 elementor-section-full_width elementor-section-height-default elementor-section-height-default\" data-id=\"69ac406\" data-element_type=\"section\" data-settings=\"{&quot;jet_parallax_layout_list&quot;:[],&quot;background_background&quot;:&quot;classic&quot;}\">\n\t\t\t\t\t\t<div class=\"elementor-container elementor-column-gap-no\">\n\t\t\t\t\t<div class=\"elementor-column elementor-col-100 elementor-top-column elementor-element elementor-element-20baca2\" data-id=\"20baca2\" data-element_type=\"column\">\n\t\t\t<div class=\"elementor-widget-wrap elementor-element-populated\">\n\t\t\t\t\t\t\t\t<div class=\"elementor-element elementor-element-302b8ef elementor-widget elementor-widget-google_maps\" data-id=\"302b8ef\" data-element_type=\"widget\" data-widget_type=\"google_maps.default\">\n\t\t\t\t<div class=\"elementor-widget-container\">\n\t\t\t<style>\/*! elementor - v3.13.1 - 09-05-2023 *\/\n.elementor-widget-google_maps .elementor-widget-container{overflow:hidden}.elementor-widget-google_maps .elementor-custom-embed{line-height:0}.elementor-widget-google_maps iframe{height:300px}<\/style>\t\t<div class=\"elementor-custom-embed\">\n\t\t\t<iframe loading=\"lazy\"\n\t\t\t\t\tsrc=\"https:\/\/maps.google.com\/maps?q=Coussegrey%2010210%20france&#038;t=m&#038;z=9&#038;output=embed&#038;iwloc=near\"\n\t\t\t\t\ttitle=\"Coussegrey 10210 france\"\n\t\t\t\t\taria-label=\"Coussegrey 10210 france\"\n\t\t\t><\/iframe>\n\t\t<\/div>\n\t\t\t\t<\/div>\n\t\t\t\t<\/div>\n\t\t\t\t\t<\/div>\n\t\t<\/div>\n\t\t\t\t\t\t\t<\/div>\n\t\t<\/section>\n\t\t\t\t\t\t\t<\/div>\n\t\t","protected":false},"excerpt":{"rendered":"<p>Bienvenue sur le site de la randonn\u00e9e pedestre \u00e0 Coussegrey Les Photos de la Rando 2025 sont \u00e0 regarder dans l&#8217;onglet &#8216;La Rando de D\u00e9cembre&#8217; Rando Sant\u00e9 rendez-vous sur la place de Coussegrey : 14h00 le lundi et vendredi plus de d\u00e9tails Marche Nordique rendez-vous sur la place : 9h00 le mercredi plus de d\u00e9tails [&hellip;]<\/p>\n","protected":false},"author":1,"featured_media":0,"parent":0,"menu_order":0,"comment_status":"closed","ping_status":"closed","template":"","meta":{"footnotes":""},"class_list":["post-6","page","type-page","status-publish","hentry"],"_links":{"self":[{"href":"https:\/\/lesdagoniots.fr\/index.php\/wp-json\/wp\/v2\/pages\/6","targetHints":{"allow":["GET"]}}],"collection":[{"href":"https:\/\/lesdagoniots.fr\/index.php\/wp-json\/wp\/v2\/pages"}],"about":[{"href":"https:\/\/lesdagoniots.fr\/index.php\/wp-json\/wp\/v2\/types\/page"}],"author":[{"embeddable":true,"href":"https:\/\/lesdagoniots.fr\/index.php\/wp-json\/wp\/v2\/users\/1"}],"replies":[{"embeddable":true,"href":"https:\/\/lesdagoniots.fr\/index.php\/wp-json\/wp\/v2\/comments?post=6"}],"version-history":[{"count":448,"href":"https:\/\/lesdagoniots.fr\/index.php\/wp-json\/wp\/v2\/pages\/6\/revisions"}],"predecessor-version":[{"id":3909,"href":"https:\/\/lesdagoniots.fr\/index.php\/wp-json\/wp\/v2\/pages\/6\/revisions\/3909"}],"wp:attachment":[{"href":"https:\/\/lesdagoniots.fr\/index.php\/wp-json\/wp\/v2\/media?parent=6"}],"curies":[{"name":"wp","href":"https:\/\/api.w.org\/{rel}","templated":true}]}}