{"id":24,"date":"2022-06-17T12:47:09","date_gmt":"2022-06-17T12:47:09","guid":{"rendered":"http:\/\/lesdagoniots.fr\/?page_id=24"},"modified":"2023-05-09T13:41:24","modified_gmt":"2023-05-09T13:41:24","slug":"association","status":"publish","type":"page","link":"https:\/\/lesdagoniots.fr\/index.php\/association\/","title":{"rendered":"Association"},"content":{"rendered":"\t\t<div data-elementor-type=\"wp-page\" data-elementor-id=\"24\" class=\"elementor elementor-24\">\n\t\t\t\t\t\t\t\t\t<section class=\"elementor-section elementor-top-section elementor-element elementor-element-f2373c0 elementor-section-boxed elementor-section-height-default elementor-section-height-default\" data-id=\"f2373c0\" data-element_type=\"section\" data-settings=\"{&quot;jet_parallax_layout_list&quot;:[]}\">\n\t\t\t\t\t\t<div class=\"elementor-container elementor-column-gap-default\">\n\t\t\t\t\t<div class=\"elementor-column elementor-col-100 elementor-top-column elementor-element elementor-element-103d305\" data-id=\"103d305\" data-element_type=\"column\">\n\t\t\t<div class=\"elementor-widget-wrap elementor-element-populated\">\n\t\t\t\t\t\t\t\t<div class=\"elementor-element elementor-element-5f25b3a elementor-widget elementor-widget-spacer\" data-id=\"5f25b3a\" data-element_type=\"widget\" data-widget_type=\"spacer.default\">\n\t\t\t\t<div class=\"elementor-widget-container\">\n\t\t\t<style>\/*! elementor - v3.13.1 - 09-05-2023 *\/\n.elementor-column .elementor-spacer-inner{height:var(--spacer-size)}.e-con{--container-widget-width:100%}.e-con-inner>.elementor-widget-spacer,.e-con>.elementor-widget-spacer{width:var(--container-widget-width,var(--spacer-size));--align-self:var(--container-widget-align-self,initial);--flex-shrink:0}.e-con-inner>.elementor-widget-spacer>.elementor-widget-container,.e-con-inner>.elementor-widget-spacer>.elementor-widget-container>.elementor-spacer,.e-con>.elementor-widget-spacer>.elementor-widget-container,.e-con>.elementor-widget-spacer>.elementor-widget-container>.elementor-spacer{height:100%}.e-con-inner>.elementor-widget-spacer>.elementor-widget-container>.elementor-spacer>.elementor-spacer-inner,.e-con>.elementor-widget-spacer>.elementor-widget-container>.elementor-spacer>.elementor-spacer-inner{height:var(--container-widget-height,var(--spacer-size))}<\/style>\t\t<div class=\"elementor-spacer\">\n\t\t\t<div class=\"elementor-spacer-inner\"><\/div>\n\t\t<\/div>\n\t\t\t\t<\/div>\n\t\t\t\t<\/div>\n\t\t\t\t<div class=\"elementor-element elementor-element-63f24f0 elementor-widget elementor-widget-text-editor\" data-id=\"63f24f0\" data-element_type=\"widget\" data-widget_type=\"text-editor.default\">\n\t\t\t\t<div class=\"elementor-widget-container\">\n\t\t\t<style>\/*! elementor - v3.13.1 - 09-05-2023 *\/\n.elementor-widget-text-editor.elementor-drop-cap-view-stacked .elementor-drop-cap{background-color:#69727d;color:#fff}.elementor-widget-text-editor.elementor-drop-cap-view-framed .elementor-drop-cap{color:#69727d;border:3px solid;background-color:transparent}.elementor-widget-text-editor:not(.elementor-drop-cap-view-default) .elementor-drop-cap{margin-top:8px}.elementor-widget-text-editor:not(.elementor-drop-cap-view-default) .elementor-drop-cap-letter{width:1em;height:1em}.elementor-widget-text-editor .elementor-drop-cap{float:left;text-align:center;line-height:1;font-size:50px}.elementor-widget-text-editor .elementor-drop-cap-letter{display:inline-block}<\/style>\t\t\t\t<p>Il \u00e9tait une fois&#8230;\u00a0 les Dagoniots<\/p>\t\t\t\t\t\t<\/div>\n\t\t\t\t<\/div>\n\t\t\t\t\t<\/div>\n\t\t<\/div>\n\t\t\t\t\t\t\t<\/div>\n\t\t<\/section>\n\t\t\t\t<section class=\"elementor-section elementor-top-section elementor-element elementor-element-7c9fdfc elementor-section-content-middle elementor-section-boxed elementor-section-height-default elementor-section-height-default\" data-id=\"7c9fdfc\" data-element_type=\"section\" data-settings=\"{&quot;jet_parallax_layout_list&quot;:[]}\">\n\t\t\t\t\t\t<div class=\"elementor-container elementor-column-gap-default\">\n\t\t\t\t\t<div class=\"elementor-column elementor-col-50 elementor-top-column elementor-element elementor-element-e96e9f6\" data-id=\"e96e9f6\" data-element_type=\"column\">\n\t\t\t<div class=\"elementor-widget-wrap elementor-element-populated\">\n\t\t\t\t\t\t\t\t<div class=\"elementor-element elementor-element-e1ab7ea elementor-widget elementor-widget-image\" data-id=\"e1ab7ea\" data-element_type=\"widget\" data-widget_type=\"image.default\">\n\t\t\t\t<div class=\"elementor-widget-container\">\n\t\t\t<style>\/*! elementor - v3.13.1 - 09-05-2023 *\/\n.elementor-widget-image{text-align:center}.elementor-widget-image a{display:inline-block}.elementor-widget-image a img[src$=\".svg\"]{width:48px}.elementor-widget-image img{vertical-align:middle;display:inline-block}<\/style>\t\t\t\t\t\t\t\t\t\t\t\t<img loading=\"lazy\" decoding=\"async\" width=\"518\" height=\"387\" src=\"https:\/\/lesdagoniots.fr\/wp-content\/uploads\/2022\/06\/les_dagoniots_2.jpg\" class=\"attachment-large size-large wp-image-73\" alt=\"\" srcset=\"https:\/\/lesdagoniots.fr\/wp-content\/uploads\/2022\/06\/les_dagoniots_2.jpg 518w, https:\/\/lesdagoniots.fr\/wp-content\/uploads\/2022\/06\/les_dagoniots_2-300x224.jpg 300w\" sizes=\"auto, (max-width: 518px) 100vw, 518px\" \/>\t\t\t\t\t\t\t\t\t\t\t\t\t\t\t<\/div>\n\t\t\t\t<\/div>\n\t\t\t\t\t<\/div>\n\t\t<\/div>\n\t\t\t\t<div class=\"elementor-column elementor-col-50 elementor-top-column elementor-element elementor-element-127d790\" data-id=\"127d790\" data-element_type=\"column\">\n\t\t\t<div class=\"elementor-widget-wrap elementor-element-populated\">\n\t\t\t\t\t\t\t\t<div class=\"elementor-element elementor-element-45e91e6 elementor-widget elementor-widget-image\" data-id=\"45e91e6\" data-element_type=\"widget\" data-widget_type=\"image.default\">\n\t\t\t\t<div class=\"elementor-widget-container\">\n\t\t\t\t\t\t\t\t\t\t\t\t\t\t\t<img loading=\"lazy\" decoding=\"async\" width=\"800\" height=\"644\" src=\"https:\/\/lesdagoniots.fr\/wp-content\/uploads\/2022\/06\/photo_groupe.jpg\" class=\"attachment-large size-large wp-image-74\" alt=\"\" srcset=\"https:\/\/lesdagoniots.fr\/wp-content\/uploads\/2022\/06\/photo_groupe.jpg 1000w, https:\/\/lesdagoniots.fr\/wp-content\/uploads\/2022\/06\/photo_groupe-300x242.jpg 300w, https:\/\/lesdagoniots.fr\/wp-content\/uploads\/2022\/06\/photo_groupe-768x618.jpg 768w\" sizes=\"auto, (max-width: 800px) 100vw, 800px\" \/>\t\t\t\t\t\t\t\t\t\t\t\t\t\t\t<\/div>\n\t\t\t\t<\/div>\n\t\t\t\t\t<\/div>\n\t\t<\/div>\n\t\t\t\t\t\t\t<\/div>\n\t\t<\/section>\n\t\t\t\t<section class=\"elementor-section elementor-top-section elementor-element elementor-element-45d4e2e elementor-section-boxed elementor-section-height-default elementor-section-height-default\" data-id=\"45d4e2e\" data-element_type=\"section\" data-settings=\"{&quot;jet_parallax_layout_list&quot;:[]}\">\n\t\t\t\t\t\t<div class=\"elementor-container elementor-column-gap-default\">\n\t\t\t\t\t<div class=\"elementor-column elementor-col-100 elementor-top-column elementor-element elementor-element-4b3a286\" data-id=\"4b3a286\" data-element_type=\"column\">\n\t\t\t<div class=\"elementor-widget-wrap elementor-element-populated\">\n\t\t\t\t\t\t\t\t<div class=\"elementor-element elementor-element-b486817 elementor-widget elementor-widget-text-editor\" data-id=\"b486817\" data-element_type=\"widget\" data-widget_type=\"text-editor.default\">\n\t\t\t\t<div class=\"elementor-widget-container\">\n\t\t\t\t\t\t\t<p>&#8216; Les Dagoniots &#8216; ??????<br \/>mais d&#8217;o\u00f9 vient ce nom bizarre qui intrigue tant de randonneurs et qui d\u00e9signe tout simplement les &#8221; gens de Coussegrey &#8220;<br \/>L&#8217;origine de ce nom pourrait venir du verbe dagonner: faire des choses futiles , de peu d&#8217;importance &#8230;<br \/>Qu&#8217;importe! les Dagoniots sont l\u00e0 et depuis de nombreuses ann\u00e9es d\u00e9j\u00e0, ils organisent, avec la m\u00eame joie, leur randonn\u00e9e p\u00e9destre annuelle: le 1er dimanche de d\u00e9cembre.<br \/>Les d\u00e9buts furent laborieux et la troupe de randonneurs ne pr\u00e9occupait pas encore les \u00e9plucheurs et \u00e9plucheuses de pommes de terre &#8230;<br \/>Nous n&#8217;\u00e9tions pas plus d&#8217;une cinquantaine \u00e0 arpenter les chemins du finage de Coussegrey et des environs.<br \/>A l&#8217;\u00e9poque la MJC de Chaource nous chaperonnait et nous en \u00e9tions forts contents.<br \/>Au fil des ann\u00e9es, les Dagoniots ont trouv\u00e9 leur ind\u00e9pendance et ont eu besoin de bouger davantage et d&#8217;exister.<br \/>les Dagoniots,c&#8217;est avant tout une histoire de grande amiti\u00e9 qui lie tout un petit groupe;<br \/>ce n&#8217;est pas toujours \u00e9vident de mettre en route et de maintenir une association, mais nous savons que l&#8217;amiti\u00e9 est la plus forte et qu&#8217;elle vient \u00e0 bout de tout.<br \/>Nous ne saurions \u00e9voquer les Dagoniots sans parler de Raymond &#8216;le chef de la Frite&#8217; et de tous ses co\u00e9quipiers qui assurent l&#8217;intendance de la rando&#8230;<br \/>et puis bien s\u00fbr, il y a tous les anonymes, comme les \u00e9plucheurs de patates, parmi lesquels nous trouvons quelques ain\u00e9s de Coussegrey, Papy et les autres;<br \/>leurs histoires et leurs rires ponctuent le rythme de la pluche de ces samedis matins d&#8217;avant rando !!<br \/>Depuis toutes ces ann\u00e9es, nous retrouvons la m\u00eame f\u00e9brilit\u00e9 d\u00e9but d\u00e9cembre et notre joie est grande lorsque la place du village se remplit de randonneurs le dimanche matin.<br \/>Alors, amis randonneurs, soyez fid\u00e8les \u00e0 notre rendez vous.<\/p>\t\t\t\t\t\t<\/div>\n\t\t\t\t<\/div>\n\t\t\t\t\t<\/div>\n\t\t<\/div>\n\t\t\t\t\t\t\t<\/div>\n\t\t<\/section>\n\t\t\t\t<section class=\"elementor-section elementor-top-section elementor-element elementor-element-a3c248b elementor-section-boxed elementor-section-height-default elementor-section-height-default\" data-id=\"a3c248b\" data-element_type=\"section\" data-settings=\"{&quot;jet_parallax_layout_list&quot;:[]}\">\n\t\t\t\t\t\t<div class=\"elementor-container elementor-column-gap-default\">\n\t\t\t\t\t<div class=\"elementor-column elementor-col-100 elementor-top-column elementor-element elementor-element-97de0cc\" data-id=\"97de0cc\" data-element_type=\"column\">\n\t\t\t<div class=\"elementor-widget-wrap elementor-element-populated\">\n\t\t\t\t\t\t\t\t<div class=\"elementor-element elementor-element-e92883b elementor-align-center elementor-widget elementor-widget-button\" data-id=\"e92883b\" data-element_type=\"widget\" data-widget_type=\"button.default\">\n\t\t\t\t<div class=\"elementor-widget-container\">\n\t\t\t\t\t<div class=\"elementor-button-wrapper\">\n\t\t\t<a href=\"https:\/\/lesdagoniots.fr\/wp-content\/uploads\/2023\/05\/Composition2023.pdf\" target=\"_blank\" class=\"elementor-button-link elementor-button elementor-size-sm\" role=\"button\">\n\t\t\t\t\t\t<span class=\"elementor-button-content-wrapper\">\n\t\t\t\t\t\t<span class=\"elementor-button-text\">Composition association 2023<\/span>\n\t\t<\/span>\n\t\t\t\t\t<\/a>\n\t\t<\/div>\n\t\t\t\t<\/div>\n\t\t\t\t<\/div>\n\t\t\t\t\t<\/div>\n\t\t<\/div>\n\t\t\t\t\t\t\t<\/div>\n\t\t<\/section>\n\t\t\t\t\t\t\t<\/div>\n\t\t","protected":false},"excerpt":{"rendered":"<p>Il \u00e9tait une fois&#8230;\u00a0 les Dagoniots &#8216; Les Dagoniots &#8216; ??????mais d&#8217;o\u00f9 vient ce nom bizarre qui intrigue tant de randonneurs et qui d\u00e9signe tout simplement les &#8221; gens de Coussegrey &#8220;L&#8217;origine de ce nom pourrait venir du verbe dagonner: faire des choses futiles , de peu d&#8217;importance &#8230;Qu&#8217;importe! les Dagoniots sont l\u00e0 et depuis [&hellip;]<\/p>\n","protected":false},"author":1,"featured_media":0,"parent":0,"menu_order":0,"comment_status":"closed","ping_status":"closed","template":"","meta":{"footnotes":""},"class_list":["post-24","page","type-page","status-publish","hentry"],"_links":{"self":[{"href":"https:\/\/lesdagoniots.fr\/index.php\/wp-json\/wp\/v2\/pages\/24","targetHints":{"allow":["GET"]}}],"collection":[{"href":"https:\/\/lesdagoniots.fr\/index.php\/wp-json\/wp\/v2\/pages"}],"about":[{"href":"https:\/\/lesdagoniots.fr\/index.php\/wp-json\/wp\/v2\/types\/page"}],"author":[{"embeddable":true,"href":"https:\/\/lesdagoniots.fr\/index.php\/wp-json\/wp\/v2\/users\/1"}],"replies":[{"embeddable":true,"href":"https:\/\/lesdagoniots.fr\/index.php\/wp-json\/wp\/v2\/comments?post=24"}],"version-history":[{"count":67,"href":"https:\/\/lesdagoniots.fr\/index.php\/wp-json\/wp\/v2\/pages\/24\/revisions"}],"predecessor-version":[{"id":3578,"href":"https:\/\/lesdagoniots.fr\/index.php\/wp-json\/wp\/v2\/pages\/24\/revisions\/3578"}],"wp:attachment":[{"href":"https:\/\/lesdagoniots.fr\/index.php\/wp-json\/wp\/v2\/media?parent=24"}],"curies":[{"name":"wp","href":"https:\/\/api.w.org\/{rel}","templated":true}]}}